{"id":21,"date":"2025-01-01T00:00:08","date_gmt":"2025-01-01T00:00:08","guid":{"rendered":"https:\/\/lightsteelblue-loris-792113.hostingersite.com\/?page_id=21"},"modified":"2025-11-11T20:35:08","modified_gmt":"2025-11-11T23:35:08","slug":"inicio","status":"publish","type":"page","link":"https:\/\/doloresavendano.com.ar\/en\/","title":{"rendered":"Home"},"content":{"rendered":"<style>\n#galeria-186 .galeria-frontend-item {\n    border-radius: 8px;\n    border: 0px solid #000000;\n    box-shadow: 0 4px 6px rgba(0,0,0,0.1);\n}\n\n#galeria-186 .galeria-frontend-overlay {\n    background: rgba(0,0,0,0.8);\n}\n\n#galeria-186 .galeria-frontend-title {\n    color: #ffffff;\n    font-size: 15px;\n}\n\n#galeria-186 .galeria-frontend-description {\n    color: #e5e5e5;\n    font-size: 10px;\n}\n\n\/* Estilos din\u00e1micos del lightbox basados en configuraci\u00f3n *\/\n#galeria-186-lightbox {\n    background: rgba(0,0,0,0.95);\n}\n\n#galeria-186-lightbox .galeria-lightbox-title {\n    color: #ffffff;\n}\n\n#galeria-186-lightbox .galeria-lightbox-description {\n    color: #cccccc;\n}\n\n#galeria-186-lightbox .galeria-lightbox-arrow,\n#galeria-186-lightbox .galeria-lightbox-close {\n    color: #ffffff;\n}\n\n#galeria-186-lightbox .galeria-lightbox-close {\n    color: #ffffff;\n}\n\n#galeria-186-lightbox .galeria-lightbox-counter {\n    color: #ffffff;\n}\n<\/style>\n\n<!-- Agregar t\u00edtulo y descripci\u00f3n de la galer\u00eda si est\u00e1n activados -->\n\n<div class=\"galeria-frontend-container\" id=\"galeria-186\" data-gallery-id=\"186\" data-spacing=\"10\">\n    <div class=\"galeria-frontend-grid\">\n                    <div class=\"galeria-frontend-item\" \n                 data-col=\"0\" \n                 data-row=\"0\" \n                 data-width=\"5\" \n                 data-height=\"6\"\n                 data-index=\"0\"\n                 data-url=\"https:\/\/doloresavendano.com.ar\/wp-content\/uploads\/2025\/11\/Paracas-Tanquero-cropped.jpg\"\n                 data-title=\"Aventuras en Paracas - Tanquero encallado\"\n                 data-description=\"\"\n                 data-alt=\"\"\n                 data-object-fit=\"cover\"\n                 data-object-position=\"center\">\n                <img decoding=\"async\" src=\"https:\/\/doloresavendano.com.ar\/wp-content\/uploads\/2025\/11\/Paracas-Tanquero-cropped.jpg\" \n                     alt=\"\" \n                     class=\"galeria-frontend-image\"\n                     style=\"object-fit: cover; object-position: center;\">\n                \n                                <div class=\"galeria-frontend-overlay\">\n                    <div class=\"galeria-frontend-text\">\n                                                    <h3 class=\"galeria-frontend-title\">Aventuras en Paracas - Tanquero encallado<\/h3>\n                                                                    <\/div>\n                <\/div>\n                            <\/div>\n                    <div class=\"galeria-frontend-item\" \n                 data-col=\"5\" \n                 data-row=\"0\" \n                 data-width=\"5\" \n                 data-height=\"6\"\n                 data-index=\"1\"\n                 data-url=\"https:\/\/doloresavendano.com.ar\/wp-content\/uploads\/2025\/11\/Benchmark-Tat-Tat-Tat-Spot-2.jpg\"\n                 data-title=\"Benchmark - Tat Tat Tat - Spot 2\"\n                 data-description=\"\"\n                 data-alt=\"\"\n                 data-object-fit=\"cover\"\n                 data-object-position=\"right\">\n                <img decoding=\"async\" src=\"https:\/\/doloresavendano.com.ar\/wp-content\/uploads\/2025\/11\/Benchmark-Tat-Tat-Tat-Spot-2.jpg\" \n                     alt=\"\" \n                     class=\"galeria-frontend-image\"\n                     style=\"object-fit: cover; object-position: right;\">\n                \n                                <div class=\"galeria-frontend-overlay\">\n                    <div class=\"galeria-frontend-text\">\n                                                    <h3 class=\"galeria-frontend-title\">Benchmark - Tat Tat Tat - Spot 2<\/h3>\n                                                                    <\/div>\n                <\/div>\n                            <\/div>\n                    <div class=\"galeria-frontend-item\" \n                 data-col=\"10\" \n                 data-row=\"0\" \n                 data-width=\"5\" \n                 data-height=\"6\"\n                 data-index=\"2\"\n                 data-url=\"https:\/\/doloresavendano.com.ar\/wp-content\/uploads\/2025\/11\/Frog-Princess-cropped.jpg\"\n                 data-title=\"The Joy of Giving - Frog Princess.\"\n                 data-description=\"\"\n                 data-alt=\"\"\n                 data-object-fit=\"cover\"\n                 data-object-position=\"left\">\n                <img decoding=\"async\" src=\"https:\/\/doloresavendano.com.ar\/wp-content\/uploads\/2025\/11\/Frog-Princess-cropped.jpg\" \n                     alt=\"\" \n                     class=\"galeria-frontend-image\"\n                     style=\"object-fit: cover; object-position: left;\">\n                \n                                <div class=\"galeria-frontend-overlay\">\n                    <div class=\"galeria-frontend-text\">\n                                                    <h3 class=\"galeria-frontend-title\">The Joy of Giving - Frog Princess.<\/h3>\n                                                                    <\/div>\n                <\/div>\n                            <\/div>\n                    <div class=\"galeria-frontend-item\" \n                 data-col=\"15\" \n                 data-row=\"0\" \n                 data-width=\"5\" \n                 data-height=\"6\"\n                 data-index=\"3\"\n                 data-url=\"https:\/\/doloresavendano.com.ar\/wp-content\/uploads\/2025\/11\/Canyon.jpg\"\n                 data-title=\"Heinemann - Gran Canyon\"\n                 data-description=\"\"\n                 data-alt=\"\"\n                 data-object-fit=\"cover\"\n                 data-object-position=\"center\">\n                <img decoding=\"async\" src=\"https:\/\/doloresavendano.com.ar\/wp-content\/uploads\/2025\/11\/Canyon.jpg\" \n                     alt=\"\" \n                     class=\"galeria-frontend-image\"\n                     style=\"object-fit: cover; object-position: center;\">\n                \n                                <div class=\"galeria-frontend-overlay\">\n                    <div class=\"galeria-frontend-text\">\n                                                    <h3 class=\"galeria-frontend-title\">Heinemann - Gran Canyon<\/h3>\n                                                                    <\/div>\n                <\/div>\n                            <\/div>\n                    <div class=\"galeria-frontend-item\" \n                 data-col=\"0\" \n                 data-row=\"6\" \n                 data-width=\"5\" \n                 data-height=\"6\"\n                 data-index=\"4\"\n                 data-url=\"https:\/\/doloresavendano.com.ar\/wp-content\/uploads\/2025\/11\/Dike-Celebration.jpg\"\n                 data-title=\"McGraw Hill - A Hole in the Dike\"\n                 data-description=\"\"\n                 data-alt=\"\"\n                 data-object-fit=\"cover\"\n                 data-object-position=\"left\">\n                <img decoding=\"async\" src=\"https:\/\/doloresavendano.com.ar\/wp-content\/uploads\/2025\/11\/Dike-Celebration.jpg\" \n                     alt=\"\" \n                     class=\"galeria-frontend-image\"\n                     style=\"object-fit: cover; object-position: left;\">\n                \n                                <div class=\"galeria-frontend-overlay\">\n                    <div class=\"galeria-frontend-text\">\n                                                    <h3 class=\"galeria-frontend-title\">McGraw Hill - A Hole in the Dike<\/h3>\n                                                                    <\/div>\n                <\/div>\n                            <\/div>\n                    <div class=\"galeria-frontend-item\" \n                 data-col=\"10\" \n                 data-row=\"6\" \n                 data-width=\"5\" \n                 data-height=\"6\"\n                 data-index=\"5\"\n                 data-url=\"https:\/\/doloresavendano.com.ar\/wp-content\/uploads\/2025\/11\/Isabella-Ferdinand-Picasso.jpg\"\n                 data-title=\"Isabella &amp; Ferdinand-Picasso\"\n                 data-description=\"\"\n                 data-alt=\"\"\n                 data-object-fit=\"cover\"\n                 data-object-position=\"center\">\n                <img decoding=\"async\" src=\"https:\/\/doloresavendano.com.ar\/wp-content\/uploads\/2025\/11\/Isabella-Ferdinand-Picasso.jpg\" \n                     alt=\"\" \n                     class=\"galeria-frontend-image\"\n                     style=\"object-fit: cover; object-position: center;\">\n                \n                                <div class=\"galeria-frontend-overlay\">\n                    <div class=\"galeria-frontend-text\">\n                                                    <h3 class=\"galeria-frontend-title\">Isabella &amp; Ferdinand-Picasso<\/h3>\n                                                                    <\/div>\n                <\/div>\n                            <\/div>\n                    <div class=\"galeria-frontend-item\" \n                 data-col=\"15\" \n                 data-row=\"6\" \n                 data-width=\"5\" \n                 data-height=\"6\"\n                 data-index=\"6\"\n                 data-url=\"https:\/\/doloresavendano.com.ar\/wp-content\/uploads\/2025\/11\/On-Halloween-Night-cover-cropped.jpg\"\n                 data-title=\"William Morrow - On Halloween Night cover.\"\n                 data-description=\"\"\n                 data-alt=\"\"\n                 data-object-fit=\"cover\"\n                 data-object-position=\"center\">\n                <img decoding=\"async\" src=\"https:\/\/doloresavendano.com.ar\/wp-content\/uploads\/2025\/11\/On-Halloween-Night-cover-cropped.jpg\" \n                     alt=\"\" \n                     class=\"galeria-frontend-image\"\n                     style=\"object-fit: cover; object-position: center;\">\n                \n                                <div class=\"galeria-frontend-overlay\">\n                    <div class=\"galeria-frontend-text\">\n                                                    <h3 class=\"galeria-frontend-title\">William Morrow - On Halloween Night cover.<\/h3>\n                                                                    <\/div>\n                <\/div>\n                            <\/div>\n                    <div class=\"galeria-frontend-item\" \n                 data-col=\"5\" \n                 data-row=\"6\" \n                 data-width=\"5\" \n                 data-height=\"6\"\n                 data-index=\"7\"\n                 data-url=\"https:\/\/doloresavendano.com.ar\/wp-content\/uploads\/2025\/11\/Dike-Mill-and-Tulips.jpg\"\n                 data-title=\"McGraw Hill - Mill and Tulips.\"\n                 data-description=\"\"\n                 data-alt=\"\"\n                 data-object-fit=\"cover\"\n                 data-object-position=\"center\">\n                <img decoding=\"async\" src=\"https:\/\/doloresavendano.com.ar\/wp-content\/uploads\/2025\/11\/Dike-Mill-and-Tulips.jpg\" \n                     alt=\"\" \n                     class=\"galeria-frontend-image\"\n                     style=\"object-fit: cover; object-position: center;\">\n                \n                                <div class=\"galeria-frontend-overlay\">\n                    <div class=\"galeria-frontend-text\">\n                                                    <h3 class=\"galeria-frontend-title\">McGraw Hill - Mill and Tulips.<\/h3>\n                                                                    <\/div>\n                <\/div>\n                            <\/div>\n            <\/div>\n    \n    <!-- Lightbox individual para cada galer\u00eda -->\n    <div class=\"galeria-lightbox\" id=\"galeria-186-lightbox\">\n        <div class=\"galeria-lightbox-content\">\n            <button class=\"galeria-lightbox-close\" type=\"button\" aria-label=\"Cerrar\">&times;<\/button>\n            <div class=\"galeria-lightbox-counter\"><\/div>\n            <button class=\"galeria-lightbox-arrow prev\" type=\"button\" aria-label=\"Anterior\">&#8249;<\/button>\n            <button class=\"galeria-lightbox-arrow next\" type=\"button\" aria-label=\"Siguiente\">&#8250;<\/button>\n            \n            <div class=\"galeria-lightbox-image-container\">\n                <img decoding=\"async\" src=\"\/placeholder.svg\" alt=\"\" class=\"galeria-lightbox-image\">\n            <\/div>\n            \n            <div class=\"galeria-lightbox-info\">\n                <h3 class=\"galeria-lightbox-title\"><\/h3>\n                <p class=\"galeria-lightbox-description\"><\/p>\n            <\/div>\n        <\/div>\n    <\/div>\n<\/div>","protected":false},"excerpt":{"rendered":"","protected":false},"author":1,"featured_media":0,"parent":0,"menu_order":0,"comment_status":"closed","ping_status":"closed","template":"","meta":{"footnotes":""},"class_list":["post-21","page","type-page","status-publish","hentry"],"_links":{"self":[{"href":"https:\/\/doloresavendano.com.ar\/en\/wp-json\/wp\/v2\/pages\/21","targetHints":{"allow":["GET"]}}],"collection":[{"href":"https:\/\/doloresavendano.com.ar\/en\/wp-json\/wp\/v2\/pages"}],"about":[{"href":"https:\/\/doloresavendano.com.ar\/en\/wp-json\/wp\/v2\/types\/page"}],"author":[{"embeddable":true,"href":"https:\/\/doloresavendano.com.ar\/en\/wp-json\/wp\/v2\/users\/1"}],"replies":[{"embeddable":true,"href":"https:\/\/doloresavendano.com.ar\/en\/wp-json\/wp\/v2\/comments?post=21"}],"version-history":[{"count":12,"href":"https:\/\/doloresavendano.com.ar\/en\/wp-json\/wp\/v2\/pages\/21\/revisions"}],"predecessor-version":[{"id":24,"href":"https:\/\/doloresavendano.com.ar\/en\/wp-json\/wp\/v2\/pages\/21\/revisions\/24"}],"wp:attachment":[{"href":"https:\/\/doloresavendano.com.ar\/en\/wp-json\/wp\/v2\/media?parent=21"}],"curies":[{"name":"wp","href":"https:\/\/api.w.org\/{rel}","templated":true}]}}