{"id":17,"date":"2025-01-01T00:02:47","date_gmt":"2025-01-01T00:02:47","guid":{"rendered":"https:\/\/lightsteelblue-loris-792113.hostingersite.com\/?page_id=17"},"modified":"2025-11-27T17:07:07","modified_gmt":"2025-11-27T20:07:07","slug":"libros-escritos-e-ilustrados","status":"publish","type":"page","link":"https:\/\/doloresavendano.com.ar\/en\/libros-escritos-e-ilustrados\/","title":{"rendered":"Written and Illustrated Books"},"content":{"rendered":"<style>\n#galeria-150 .galeria-frontend-item {\n    border-radius: 8px;\n    border: 0px solid #000000;\n    box-shadow: 0 4px 6px rgba(0,0,0,0.1);\n}\n\n#galeria-150 .galeria-frontend-overlay {\n    background: rgba(0,0,0,0.8);\n}\n\n#galeria-150 .galeria-frontend-title {\n    color: #ffffff;\n    font-size: 15px;\n}\n\n#galeria-150 .galeria-frontend-description {\n    color: #e5e5e5;\n    font-size: 10px;\n}\n\n\/* Estilos din\u00e1micos del lightbox basados en configuraci\u00f3n *\/\n#galeria-150-lightbox {\n    background: rgba(0,0,0,0.95);\n}\n\n#galeria-150-lightbox .galeria-lightbox-title {\n    color: #ffffff;\n}\n\n#galeria-150-lightbox .galeria-lightbox-description {\n    color: #cccccc;\n}\n\n#galeria-150-lightbox .galeria-lightbox-arrow,\n#galeria-150-lightbox .galeria-lightbox-close {\n    color: #ffffff;\n}\n\n#galeria-150-lightbox .galeria-lightbox-close {\n    color: #ffffff;\n}\n\n#galeria-150-lightbox .galeria-lightbox-counter {\n    color: #ffffff;\n}\n<\/style>\n\n<!-- Agregar t\u00edtulo y descripci\u00f3n de la galer\u00eda si est\u00e1n activados -->\n<div class=\"galeria-header\" style=\"margin-bottom: 30px;\">\n            <h2 class=\"galeria-main-title\" style=\"margin: 0 0 15px 0; font-size: 32px; color: #333;\">A gift for the magician<\/h2>\n        <\/div>\n\n<div class=\"galeria-frontend-container\" id=\"galeria-150\" data-gallery-id=\"150\" data-spacing=\"10\">\n    <div class=\"galeria-frontend-grid\">\n                    <div class=\"galeria-frontend-item\" \n                 data-col=\"10\" \n                 data-row=\"0\" \n                 data-width=\"10\" \n                 data-height=\"5\"\n                 data-index=\"0\"\n                 data-url=\"https:\/\/doloresavendano.com.ar\/wp-content\/uploads\/2025\/11\/Tapa-Un-regalo-para-el-Mago-Galt.jpg\"\n                 data-title=\"Tapa Un regalo para el Mago Galt\"\n                 data-description=\"\"\n                 data-alt=\"\"\n                 data-object-fit=\"fill\"\n                 data-object-position=\"center\">\n                <img decoding=\"async\" src=\"https:\/\/doloresavendano.com.ar\/wp-content\/uploads\/2025\/11\/Tapa-Un-regalo-para-el-Mago-Galt.jpg\" \n                     alt=\"\" \n                     class=\"galeria-frontend-image\"\n                     style=\"object-fit: fill; object-position: center;\">\n                \n                                <div class=\"galeria-frontend-overlay\">\n                    <div class=\"galeria-frontend-text\">\n                                                    <h3 class=\"galeria-frontend-title\">Tapa Un regalo para el Mago Galt<\/h3>\n                                                                    <\/div>\n                <\/div>\n                            <\/div>\n                    <div class=\"galeria-frontend-item\" \n                 data-col=\"10\" \n                 data-row=\"5\" \n                 data-width=\"10\" \n                 data-height=\"5\"\n                 data-index=\"1\"\n                 data-url=\"https:\/\/doloresavendano.com.ar\/wp-content\/uploads\/2025\/11\/Un-regalo-para-el-Mago-Galt-p.-6-7-cropped-scaled.jpg\"\n                 data-title=\"Un regalo para el Mago Galt p. 6 7\"\n                 data-description=\"\"\n                 data-alt=\"\"\n                 data-object-fit=\"cover\"\n                 data-object-position=\"center\">\n                <img decoding=\"async\" src=\"https:\/\/doloresavendano.com.ar\/wp-content\/uploads\/2025\/11\/Un-regalo-para-el-Mago-Galt-p.-6-7-cropped-scaled.jpg\" \n                     alt=\"\" \n                     class=\"galeria-frontend-image\"\n                     style=\"object-fit: cover; object-position: center;\">\n                \n                                <div class=\"galeria-frontend-overlay\">\n                    <div class=\"galeria-frontend-text\">\n                                                    <h3 class=\"galeria-frontend-title\">Un regalo para el Mago Galt p. 6 7<\/h3>\n                                                                    <\/div>\n                <\/div>\n                            <\/div>\n                    <div class=\"galeria-frontend-item\" \n                 data-col=\"0\" \n                 data-row=\"0\" \n                 data-width=\"10\" \n                 data-height=\"10\"\n                 data-index=\"2\"\n                 data-url=\"https:\/\/doloresavendano.com.ar\/wp-content\/uploads\/2025\/11\/Un-regalo-para-el-Mago-Galt-p.-12-13-cropped-scaled.jpg\"\n                 data-title=\"Un regalo para el Mago Galt p. 12 13\"\n                 data-description=\"\"\n                 data-alt=\"\"\n                 data-object-fit=\"cover\"\n                 data-object-position=\"left\">\n                <img decoding=\"async\" src=\"https:\/\/doloresavendano.com.ar\/wp-content\/uploads\/2025\/11\/Un-regalo-para-el-Mago-Galt-p.-12-13-cropped-scaled.jpg\" \n                     alt=\"\" \n                     class=\"galeria-frontend-image\"\n                     style=\"object-fit: cover; object-position: left;\">\n                \n                                <div class=\"galeria-frontend-overlay\">\n                    <div class=\"galeria-frontend-text\">\n                                                    <h3 class=\"galeria-frontend-title\">Un regalo para el Mago Galt p. 12 13<\/h3>\n                                                                    <\/div>\n                <\/div>\n                            <\/div>\n                    <div class=\"galeria-frontend-item\" \n                 data-col=\"0\" \n                 data-row=\"10\" \n                 data-width=\"10\" \n                 data-height=\"5\"\n                 data-index=\"3\"\n                 data-url=\"https:\/\/doloresavendano.com.ar\/wp-content\/uploads\/2025\/11\/Un-regalo-para-el-Mago-Galt-p.-14-15-cropped-scaled.jpg\"\n                 data-title=\"Un regalo para el Mago Galt p. 14 15\"\n                 data-description=\"\"\n                 data-alt=\"\"\n                 data-object-fit=\"cover\"\n                 data-object-position=\"center\">\n                <img decoding=\"async\" src=\"https:\/\/doloresavendano.com.ar\/wp-content\/uploads\/2025\/11\/Un-regalo-para-el-Mago-Galt-p.-14-15-cropped-scaled.jpg\" \n                     alt=\"\" \n                     class=\"galeria-frontend-image\"\n                     style=\"object-fit: cover; object-position: center;\">\n                \n                                <div class=\"galeria-frontend-overlay\">\n                    <div class=\"galeria-frontend-text\">\n                                                    <h3 class=\"galeria-frontend-title\">Un regalo para el Mago Galt p. 14 15<\/h3>\n                                                                    <\/div>\n                <\/div>\n                            <\/div>\n                    <div class=\"galeria-frontend-item\" \n                 data-col=\"0\" \n                 data-row=\"20\" \n                 data-width=\"20\" \n                 data-height=\"8\"\n                 data-index=\"4\"\n                 data-url=\"https:\/\/doloresavendano.com.ar\/wp-content\/uploads\/2025\/11\/Un-regalo-para-el-Mago-Galt-p.-16-17-cropped-scaled.jpg\"\n                 data-title=\"Un regalo para el Mago Galt p. 16 17\"\n                 data-description=\"\"\n                 data-alt=\"\"\n                 data-object-fit=\"cover\"\n                 data-object-position=\"center\">\n                <img decoding=\"async\" src=\"https:\/\/doloresavendano.com.ar\/wp-content\/uploads\/2025\/11\/Un-regalo-para-el-Mago-Galt-p.-16-17-cropped-scaled.jpg\" \n                     alt=\"\" \n                     class=\"galeria-frontend-image\"\n                     style=\"object-fit: cover; object-position: center;\">\n                \n                                <div class=\"galeria-frontend-overlay\">\n                    <div class=\"galeria-frontend-text\">\n                                                    <h3 class=\"galeria-frontend-title\">Un regalo para el Mago Galt p. 16 17<\/h3>\n                                                                    <\/div>\n                <\/div>\n                            <\/div>\n                    <div class=\"galeria-frontend-item\" \n                 data-col=\"10\" \n                 data-row=\"10\" \n                 data-width=\"10\" \n                 data-height=\"10\"\n                 data-index=\"5\"\n                 data-url=\"https:\/\/doloresavendano.com.ar\/wp-content\/uploads\/2025\/11\/Un-regalo-para-el-Mago-Galt-p.-18-19-cropped-scaled.jpg\"\n                 data-title=\"Un regalo para el Mago Galt p. 18 19\"\n                 data-description=\"\"\n                 data-alt=\"\"\n                 data-object-fit=\"cover\"\n                 data-object-position=\"left\">\n                <img decoding=\"async\" src=\"https:\/\/doloresavendano.com.ar\/wp-content\/uploads\/2025\/11\/Un-regalo-para-el-Mago-Galt-p.-18-19-cropped-scaled.jpg\" \n                     alt=\"\" \n                     class=\"galeria-frontend-image\"\n                     style=\"object-fit: cover; object-position: left;\">\n                \n                                <div class=\"galeria-frontend-overlay\">\n                    <div class=\"galeria-frontend-text\">\n                                                    <h3 class=\"galeria-frontend-title\">Un regalo para el Mago Galt p. 18 19<\/h3>\n                                                                    <\/div>\n                <\/div>\n                            <\/div>\n                    <div class=\"galeria-frontend-item\" \n                 data-col=\"0\" \n                 data-row=\"15\" \n                 data-width=\"10\" \n                 data-height=\"5\"\n                 data-index=\"6\"\n                 data-url=\"https:\/\/doloresavendano.com.ar\/wp-content\/uploads\/2025\/11\/Un-regalo-para-el-Mago-Galt-p.-20-21-cropped-scaled.jpg\"\n                 data-title=\"Un regalo para el Mago Galt p. 20 21\"\n                 data-description=\"\"\n                 data-alt=\"\"\n                 data-object-fit=\"cover\"\n                 data-object-position=\"center\">\n                <img decoding=\"async\" src=\"https:\/\/doloresavendano.com.ar\/wp-content\/uploads\/2025\/11\/Un-regalo-para-el-Mago-Galt-p.-20-21-cropped-scaled.jpg\" \n                     alt=\"\" \n                     class=\"galeria-frontend-image\"\n                     style=\"object-fit: cover; object-position: center;\">\n                \n                                <div class=\"galeria-frontend-overlay\">\n                    <div class=\"galeria-frontend-text\">\n                                                    <h3 class=\"galeria-frontend-title\">Un regalo para el Mago Galt p. 20 21<\/h3>\n                                                                    <\/div>\n                <\/div>\n                            <\/div>\n            <\/div>\n    \n    <!-- Lightbox individual para cada galer\u00eda -->\n    <div class=\"galeria-lightbox\" id=\"galeria-150-lightbox\">\n        <div class=\"galeria-lightbox-content\">\n            <button class=\"galeria-lightbox-close\" type=\"button\" aria-label=\"Cerrar\">&times;<\/button>\n            <div class=\"galeria-lightbox-counter\"><\/div>\n            <button class=\"galeria-lightbox-arrow prev\" type=\"button\" aria-label=\"Anterior\">&#8249;<\/button>\n            <button class=\"galeria-lightbox-arrow next\" type=\"button\" aria-label=\"Siguiente\">&#8250;<\/button>\n            \n            <div class=\"galeria-lightbox-image-container\">\n                <img decoding=\"async\" src=\"\/placeholder.svg\" alt=\"\" class=\"galeria-lightbox-image\">\n            <\/div>\n            \n            <div class=\"galeria-lightbox-info\">\n                <h3 class=\"galeria-lightbox-title\"><\/h3>\n                <p class=\"galeria-lightbox-description\"><\/p>\n            <\/div>\n        <\/div>\n    <\/div>\n<\/div>\n\n\n\n\n<div class=\"wp-block-buttons is-content-justification-center is-layout-flex wp-container-core-buttons-is-layout-16018d1d wp-block-buttons-is-layout-flex\">\n<div class=\"wp-block-button has-custom-width wp-block-button__width-100\"><a class=\"wp-block-button__link has-luminous-vivid-orange-background-color has-background has-medium-font-size has-text-align-center has-custom-font-size wp-element-button\" href=\"https:\/\/www.buscalibre.com.ar\/libro-un-regalo-para-el-mago-galt\/9786316592545\/p\/64219162\" target=\"_blank\" rel=\"noreferrer noopener\">Comprar Un Regalo para el mago Galt<\/a><\/div>\n<\/div>\n\n\n\n<div style=\"height:41px\" aria-hidden=\"true\" class=\"wp-block-spacer\"><\/div>\n\n\n\n<style>\n#galeria-162 .galeria-frontend-item {\n    border-radius: 8px;\n    border: 0px solid #000000;\n    box-shadow: 0 4px 6px rgba(0,0,0,0.1);\n}\n\n#galeria-162 .galeria-frontend-overlay {\n    background: rgba(0,0,0,0.8);\n}\n\n#galeria-162 .galeria-frontend-title {\n    color: #ffffff;\n    font-size: 15px;\n}\n\n#galeria-162 .galeria-frontend-description {\n    color: #e5e5e5;\n    font-size: 10px;\n}\n\n\/* Estilos din\u00e1micos del lightbox basados en configuraci\u00f3n *\/\n#galeria-162-lightbox {\n    background: rgba(0,0,0,0.95);\n}\n\n#galeria-162-lightbox .galeria-lightbox-title {\n    color: #ffffff;\n}\n\n#galeria-162-lightbox .galeria-lightbox-description {\n    color: #cccccc;\n}\n\n#galeria-162-lightbox .galeria-lightbox-arrow,\n#galeria-162-lightbox .galeria-lightbox-close {\n    color: #ffffff;\n}\n\n#galeria-162-lightbox .galeria-lightbox-close {\n    color: #ffffff;\n}\n\n#galeria-162-lightbox .galeria-lightbox-counter {\n    color: #ffffff;\n}\n<\/style>\n\n<!-- Agregar t\u00edtulo y descripci\u00f3n de la galer\u00eda si est\u00e1n activados -->\n<div class=\"galeria-header\" style=\"margin-bottom: 30px;\">\n            <h2 class=\"galeria-main-title\" style=\"margin: 0 0 15px 0; font-size: 32px; color: #333;\">The Magic Amulet<\/h2>\n        <\/div>\n\n<div class=\"galeria-frontend-container\" id=\"galeria-162\" data-gallery-id=\"162\" data-spacing=\"10\">\n    <div class=\"galeria-frontend-grid\">\n                    <div class=\"galeria-frontend-item\" \n                 data-col=\"10\" \n                 data-row=\"8\" \n                 data-width=\"10\" \n                 data-height=\"6\"\n                 data-index=\"0\"\n                 data-url=\"https:\/\/doloresavendano.com.ar\/wp-content\/uploads\/2025\/11\/El-Amuleto-Magico-interior.jpg\"\n                 data-title=\"El Amuleto M\u00e1gico interior\"\n                 data-description=\"\"\n                 data-alt=\"\"\n                 data-object-fit=\"fill\"\n                 data-object-position=\"center\">\n                <img decoding=\"async\" src=\"https:\/\/doloresavendano.com.ar\/wp-content\/uploads\/2025\/11\/El-Amuleto-Magico-interior.jpg\" \n                     alt=\"\" \n                     class=\"galeria-frontend-image\"\n                     style=\"object-fit: fill; object-position: center;\">\n                \n                                <div class=\"galeria-frontend-overlay\">\n                    <div class=\"galeria-frontend-text\">\n                                                    <h3 class=\"galeria-frontend-title\">El Amuleto M\u00e1gico interior<\/h3>\n                                                                    <\/div>\n                <\/div>\n                            <\/div>\n                    <div class=\"galeria-frontend-item\" \n                 data-col=\"8\" \n                 data-row=\"0\" \n                 data-width=\"12\" \n                 data-height=\"8\"\n                 data-index=\"1\"\n                 data-url=\"https:\/\/doloresavendano.com.ar\/wp-content\/uploads\/2025\/11\/Portada-y-contraportada-El-Amuleto-Magico.jpg\"\n                 data-title=\"Portada y contraportada El Amuleto Magico\"\n                 data-description=\"\"\n                 data-alt=\"\"\n                 data-object-fit=\"fill\"\n                 data-object-position=\"center\">\n                <img decoding=\"async\" src=\"https:\/\/doloresavendano.com.ar\/wp-content\/uploads\/2025\/11\/Portada-y-contraportada-El-Amuleto-Magico.jpg\" \n                     alt=\"\" \n                     class=\"galeria-frontend-image\"\n                     style=\"object-fit: fill; object-position: center;\">\n                \n                                <div class=\"galeria-frontend-overlay\">\n                    <div class=\"galeria-frontend-text\">\n                                                    <h3 class=\"galeria-frontend-title\">Portada y contraportada El Amuleto Magico<\/h3>\n                                                                    <\/div>\n                <\/div>\n                            <\/div>\n                    <div class=\"galeria-frontend-item\" \n                 data-col=\"0\" \n                 data-row=\"8\" \n                 data-width=\"10\" \n                 data-height=\"6\"\n                 data-index=\"2\"\n                 data-url=\"https:\/\/doloresavendano.com.ar\/wp-content\/uploads\/2025\/11\/El-Amuleto-Magico-interior-2.jpg\"\n                 data-title=\"El Amuleto Magico interior 2\"\n                 data-description=\"\"\n                 data-alt=\"\"\n                 data-object-fit=\"fill\"\n                 data-object-position=\"center\">\n                <img decoding=\"async\" src=\"https:\/\/doloresavendano.com.ar\/wp-content\/uploads\/2025\/11\/El-Amuleto-Magico-interior-2.jpg\" \n                     alt=\"\" \n                     class=\"galeria-frontend-image\"\n                     style=\"object-fit: fill; object-position: center;\">\n                \n                                <div class=\"galeria-frontend-overlay\">\n                    <div class=\"galeria-frontend-text\">\n                                                    <h3 class=\"galeria-frontend-title\">El Amuleto Magico interior 2<\/h3>\n                                                                    <\/div>\n                <\/div>\n                            <\/div>\n                    <div class=\"galeria-frontend-item\" \n                 data-col=\"0\" \n                 data-row=\"0\" \n                 data-width=\"8\" \n                 data-height=\"8\"\n                 data-index=\"3\"\n                 data-url=\"https:\/\/doloresavendano.com.ar\/wp-content\/uploads\/2025\/11\/ElAmuletoMagico.jpg\"\n                 data-title=\"ElAmuletoMagico\"\n                 data-description=\"\"\n                 data-alt=\"\"\n                 data-object-fit=\"fill\"\n                 data-object-position=\"center\">\n                <img decoding=\"async\" src=\"https:\/\/doloresavendano.com.ar\/wp-content\/uploads\/2025\/11\/ElAmuletoMagico.jpg\" \n                     alt=\"\" \n                     class=\"galeria-frontend-image\"\n                     style=\"object-fit: fill; object-position: center;\">\n                \n                                <div class=\"galeria-frontend-overlay\">\n                    <div class=\"galeria-frontend-text\">\n                                                    <h3 class=\"galeria-frontend-title\">ElAmuletoMagico<\/h3>\n                                                                    <\/div>\n                <\/div>\n                            <\/div>\n            <\/div>\n    \n    <!-- Lightbox individual para cada galer\u00eda -->\n    <div class=\"galeria-lightbox\" id=\"galeria-162-lightbox\">\n        <div class=\"galeria-lightbox-content\">\n            <button class=\"galeria-lightbox-close\" type=\"button\" aria-label=\"Cerrar\">&times;<\/button>\n            <div class=\"galeria-lightbox-counter\"><\/div>\n            <button class=\"galeria-lightbox-arrow prev\" type=\"button\" aria-label=\"Anterior\">&#8249;<\/button>\n            <button class=\"galeria-lightbox-arrow next\" type=\"button\" aria-label=\"Siguiente\">&#8250;<\/button>\n            \n            <div class=\"galeria-lightbox-image-container\">\n                <img decoding=\"async\" src=\"\/placeholder.svg\" alt=\"\" class=\"galeria-lightbox-image\">\n            <\/div>\n            \n            <div class=\"galeria-lightbox-info\">\n                <h3 class=\"galeria-lightbox-title\"><\/h3>\n                <p class=\"galeria-lightbox-description\"><\/p>\n            <\/div>\n        <\/div>\n    <\/div>\n<\/div>\n\n\n\n\n<div class=\"wp-block-buttons is-content-justification-center is-layout-flex wp-container-core-buttons-is-layout-16018d1d wp-block-buttons-is-layout-flex\">\n<div class=\"wp-block-button has-custom-width wp-block-button__width-100\"><a class=\"wp-block-button__link has-luminous-vivid-orange-background-color has-background has-medium-font-size has-text-align-center has-custom-font-size wp-element-button\" href=\"https:\/\/www.buscalibre.com.ar\/libro-el-amuleto-magico-poster-y-marcadores\/9789878921013\/p\/54059666\" target=\"_blank\" rel=\"noreferrer noopener\">Comprar El Amuleto Magico + Poster y Marcadores<\/a><\/div>\n<\/div>","protected":false},"excerpt":{"rendered":"","protected":false},"author":1,"featured_media":0,"parent":0,"menu_order":2,"comment_status":"closed","ping_status":"closed","template":"","meta":{"footnotes":""},"class_list":["post-17","page","type-page","status-publish","hentry"],"_links":{"self":[{"href":"https:\/\/doloresavendano.com.ar\/en\/wp-json\/wp\/v2\/pages\/17","targetHints":{"allow":["GET"]}}],"collection":[{"href":"https:\/\/doloresavendano.com.ar\/en\/wp-json\/wp\/v2\/pages"}],"about":[{"href":"https:\/\/doloresavendano.com.ar\/en\/wp-json\/wp\/v2\/types\/page"}],"author":[{"embeddable":true,"href":"https:\/\/doloresavendano.com.ar\/en\/wp-json\/wp\/v2\/users\/1"}],"replies":[{"embeddable":true,"href":"https:\/\/doloresavendano.com.ar\/en\/wp-json\/wp\/v2\/comments?post=17"}],"version-history":[{"count":14,"href":"https:\/\/doloresavendano.com.ar\/en\/wp-json\/wp\/v2\/pages\/17\/revisions"}],"predecessor-version":[{"id":207,"href":"https:\/\/doloresavendano.com.ar\/en\/wp-json\/wp\/v2\/pages\/17\/revisions\/207"}],"wp:attachment":[{"href":"https:\/\/doloresavendano.com.ar\/en\/wp-json\/wp\/v2\/media?parent=17"}],"curies":[{"name":"wp","href":"https:\/\/api.w.org\/{rel}","templated":true}]}}