{"id":15,"date":"2025-01-01T00:03:37","date_gmt":"2025-01-01T00:03:37","guid":{"rendered":"https:\/\/lightsteelblue-loris-792113.hostingersite.com\/?page_id=15"},"modified":"2025-11-11T20:22:15","modified_gmt":"2025-11-11T23:22:15","slug":"harry-potter","status":"publish","type":"page","link":"https:\/\/doloresavendano.com.ar\/en\/harry-potter\/","title":{"rendered":"Harry Potter\u00a0"},"content":{"rendered":"<style>\n#galeria-170 .galeria-frontend-item {\n    border-radius: 8px;\n    border: 0px solid #000000;\n    box-shadow: 0 4px 6px rgba(0,0,0,0.1);\n}\n\n#galeria-170 .galeria-frontend-overlay {\n    background: rgba(0,0,0,0.8);\n}\n\n#galeria-170 .galeria-frontend-title {\n    color: #ffffff;\n    font-size: 15px;\n}\n\n#galeria-170 .galeria-frontend-description {\n    color: #e5e5e5;\n    font-size: 10px;\n}\n\n\/* Estilos din\u00e1micos del lightbox basados en configuraci\u00f3n *\/\n#galeria-170-lightbox {\n    background: rgba(0,0,0,0.95);\n}\n\n#galeria-170-lightbox .galeria-lightbox-title {\n    color: #ffffff;\n}\n\n#galeria-170-lightbox .galeria-lightbox-description {\n    color: #cccccc;\n}\n\n#galeria-170-lightbox .galeria-lightbox-arrow,\n#galeria-170-lightbox .galeria-lightbox-close {\n    color: #ffffff;\n}\n\n#galeria-170-lightbox .galeria-lightbox-close {\n    color: #ffffff;\n}\n\n#galeria-170-lightbox .galeria-lightbox-counter {\n    color: #ffffff;\n}\n<\/style>\n\n<!-- Agregar t\u00edtulo y descripci\u00f3n de la galer\u00eda si est\u00e1n activados -->\n\n<div class=\"galeria-frontend-container\" id=\"galeria-170\" data-gallery-id=\"170\" data-spacing=\"10\">\n    <div class=\"galeria-frontend-grid\">\n                    <div class=\"galeria-frontend-item\" \n                 data-col=\"0\" \n                 data-row=\"0\" \n                 data-width=\"6\" \n                 data-height=\"12\"\n                 data-index=\"0\"\n                 data-url=\"https:\/\/doloresavendano.com.ar\/wp-content\/uploads\/2025\/11\/Copia-de-Harry-Potter-y-la-Piedra-Filosofal-Dolores-Avendano.jpg\"\n                 data-title=\"Harry Potter y la Piedra Filosofal\"\n                 data-description=\"Portada edici\u00f3n en Espa\u00f1ol.\"\n                 data-alt=\"\"\n                 data-object-fit=\"cover\"\n                 data-object-position=\"center\">\n                <img decoding=\"async\" src=\"https:\/\/doloresavendano.com.ar\/wp-content\/uploads\/2025\/11\/Copia-de-Harry-Potter-y-la-Piedra-Filosofal-Dolores-Avendano.jpg\" \n                     alt=\"\" \n                     class=\"galeria-frontend-image\"\n                     style=\"object-fit: cover; object-position: center;\">\n                \n                                <div class=\"galeria-frontend-overlay\">\n                    <div class=\"galeria-frontend-text\">\n                                                    <h3 class=\"galeria-frontend-title\">Harry Potter y la Piedra Filosofal<\/h3>\n                                                                            <p class=\"galeria-frontend-description\">Portada edici\u00f3n en Espa\u00f1ol.\n<\/p>\n                                            <\/div>\n                <\/div>\n                            <\/div>\n                    <div class=\"galeria-frontend-item\" \n                 data-col=\"17\" \n                 data-row=\"0\" \n                 data-width=\"3\" \n                 data-height=\"6\"\n                 data-index=\"1\"\n                 data-url=\"https:\/\/doloresavendano.com.ar\/wp-content\/uploads\/2025\/11\/Harry-Potter-5-MP.jpg\"\n                 data-title=\"Harry Potter y la Orden del F\u00e9nix\"\n                 data-description=\"Portada edici\u00f3n en Espa\u00f1ol.\"\n                 data-alt=\"\"\n                 data-object-fit=\"cover\"\n                 data-object-position=\"center\">\n                <img decoding=\"async\" src=\"https:\/\/doloresavendano.com.ar\/wp-content\/uploads\/2025\/11\/Harry-Potter-5-MP.jpg\" \n                     alt=\"\" \n                     class=\"galeria-frontend-image\"\n                     style=\"object-fit: cover; object-position: center;\">\n                \n                                <div class=\"galeria-frontend-overlay\">\n                    <div class=\"galeria-frontend-text\">\n                                                    <h3 class=\"galeria-frontend-title\">Harry Potter y la Orden del F\u00e9nix<\/h3>\n                                                                            <p class=\"galeria-frontend-description\">Portada edici\u00f3n en Espa\u00f1ol.\n<\/p>\n                                            <\/div>\n                <\/div>\n                            <\/div>\n                    <div class=\"galeria-frontend-item\" \n                 data-col=\"15\" \n                 data-row=\"6\" \n                 data-width=\"5\" \n                 data-height=\"6\"\n                 data-index=\"2\"\n                 data-url=\"https:\/\/doloresavendano.com.ar\/wp-content\/uploads\/2025\/11\/HP-Dragon-Cover-cropped.jpg\"\n                 data-title=\"Harry Potter y el C\u00e1liz de Fuego\"\n                 data-description=\"Primera versi\u00f3n para la portada, luego se uso para poster promocional para la edici\u00f3n en Espa\u00f1ol.\"\n                 data-alt=\"\"\n                 data-object-fit=\"cover\"\n                 data-object-position=\"right\">\n                <img decoding=\"async\" src=\"https:\/\/doloresavendano.com.ar\/wp-content\/uploads\/2025\/11\/HP-Dragon-Cover-cropped.jpg\" \n                     alt=\"\" \n                     class=\"galeria-frontend-image\"\n                     style=\"object-fit: cover; object-position: right;\">\n                \n                                <div class=\"galeria-frontend-overlay\">\n                    <div class=\"galeria-frontend-text\">\n                                                    <h3 class=\"galeria-frontend-title\">Harry Potter y el C\u00e1liz de Fuego<\/h3>\n                                                                            <p class=\"galeria-frontend-description\">Primera versi\u00f3n para la portada, luego se uso para poster promocional para la edici\u00f3n en Espa\u00f1ol.<\/p>\n                                            <\/div>\n                <\/div>\n                            <\/div>\n                    <div class=\"galeria-frontend-item\" \n                 data-col=\"6\" \n                 data-row=\"0\" \n                 data-width=\"6\" \n                 data-height=\"6\"\n                 data-index=\"3\"\n                 data-url=\"https:\/\/doloresavendano.com.ar\/wp-content\/uploads\/2025\/11\/HP2.jpg\"\n                 data-title=\"Harry Potter y la C\u00e1mara Secreta\"\n                 data-description=\"Portada edici\u00f3n en Espa\u00f1ol.\"\n                 data-alt=\"\"\n                 data-object-fit=\"cover\"\n                 data-object-position=\"center\">\n                <img decoding=\"async\" src=\"https:\/\/doloresavendano.com.ar\/wp-content\/uploads\/2025\/11\/HP2.jpg\" \n                     alt=\"\" \n                     class=\"galeria-frontend-image\"\n                     style=\"object-fit: cover; object-position: center;\">\n                \n                                <div class=\"galeria-frontend-overlay\">\n                    <div class=\"galeria-frontend-text\">\n                                                    <h3 class=\"galeria-frontend-title\">Harry Potter y la C\u00e1mara Secreta<\/h3>\n                                                                            <p class=\"galeria-frontend-description\">Portada edici\u00f3n en Espa\u00f1ol.<\/p>\n                                            <\/div>\n                <\/div>\n                            <\/div>\n                    <div class=\"galeria-frontend-item\" \n                 data-col=\"12\" \n                 data-row=\"0\" \n                 data-width=\"5\" \n                 data-height=\"6\"\n                 data-index=\"4\"\n                 data-url=\"https:\/\/doloresavendano.com.ar\/wp-content\/uploads\/2025\/11\/HP3.jpg\"\n                 data-title=\"Harry Potter y el Prisionero de Azkaban\"\n                 data-description=\"Portada edici\u00f3n en Espa\u00f1ol.\"\n                 data-alt=\"\"\n                 data-object-fit=\"cover\"\n                 data-object-position=\"right\">\n                <img decoding=\"async\" src=\"https:\/\/doloresavendano.com.ar\/wp-content\/uploads\/2025\/11\/HP3.jpg\" \n                     alt=\"\" \n                     class=\"galeria-frontend-image\"\n                     style=\"object-fit: cover; object-position: right;\">\n                \n                                <div class=\"galeria-frontend-overlay\">\n                    <div class=\"galeria-frontend-text\">\n                                                    <h3 class=\"galeria-frontend-title\">Harry Potter y el Prisionero de Azkaban<\/h3>\n                                                                            <p class=\"galeria-frontend-description\">Portada edici\u00f3n en Espa\u00f1ol.<\/p>\n                                            <\/div>\n                <\/div>\n                            <\/div>\n                    <div class=\"galeria-frontend-item\" \n                 data-col=\"12\" \n                 data-row=\"6\" \n                 data-width=\"3\" \n                 data-height=\"6\"\n                 data-index=\"5\"\n                 data-url=\"https:\/\/doloresavendano.com.ar\/wp-content\/uploads\/2025\/11\/Hagrid-con-dragon-bebe.jpg\"\n                 data-title=\"Hagrid con Drag\u00f3n beb\u00e9\"\n                 data-description=\"ilustraci\u00f3n promocional.\"\n                 data-alt=\"\"\n                 data-object-fit=\"cover\"\n                 data-object-position=\"center\">\n                <img decoding=\"async\" src=\"https:\/\/doloresavendano.com.ar\/wp-content\/uploads\/2025\/11\/Hagrid-con-dragon-bebe.jpg\" \n                     alt=\"\" \n                     class=\"galeria-frontend-image\"\n                     style=\"object-fit: cover; object-position: center;\">\n                \n                                <div class=\"galeria-frontend-overlay\">\n                    <div class=\"galeria-frontend-text\">\n                                                    <h3 class=\"galeria-frontend-title\">Hagrid con Drag\u00f3n beb\u00e9<\/h3>\n                                                                            <p class=\"galeria-frontend-description\">ilustraci\u00f3n promocional.<\/p>\n                                            <\/div>\n                <\/div>\n                            <\/div>\n                    <div class=\"galeria-frontend-item\" \n                 data-col=\"6\" \n                 data-row=\"6\" \n                 data-width=\"6\" \n                 data-height=\"6\"\n                 data-index=\"6\"\n                 data-url=\"https:\/\/doloresavendano.com.ar\/wp-content\/uploads\/2025\/11\/Harry-Potter-Thestral-Promotional-acrylic-26-cm-x-20-cm-copy.jpeg\"\n                 data-title=\"Harry Potter y Thestral\"\n                 data-description=\"ilustraci\u00f3n promocional\"\n                 data-alt=\"\"\n                 data-object-fit=\"cover\"\n                 data-object-position=\"center\">\n                <img decoding=\"async\" src=\"https:\/\/doloresavendano.com.ar\/wp-content\/uploads\/2025\/11\/Harry-Potter-Thestral-Promotional-acrylic-26-cm-x-20-cm-copy.jpeg\" \n                     alt=\"\" \n                     class=\"galeria-frontend-image\"\n                     style=\"object-fit: cover; object-position: center;\">\n                \n                                <div class=\"galeria-frontend-overlay\">\n                    <div class=\"galeria-frontend-text\">\n                                                    <h3 class=\"galeria-frontend-title\">Harry Potter y Thestral<\/h3>\n                                                                            <p class=\"galeria-frontend-description\">ilustraci\u00f3n promocional<\/p>\n                                            <\/div>\n                <\/div>\n                            <\/div>\n            <\/div>\n    \n    <!-- Lightbox individual para cada galer\u00eda -->\n    <div class=\"galeria-lightbox\" id=\"galeria-170-lightbox\">\n        <div class=\"galeria-lightbox-content\">\n            <button class=\"galeria-lightbox-close\" type=\"button\" aria-label=\"Cerrar\">&times;<\/button>\n            <div class=\"galeria-lightbox-counter\"><\/div>\n            <button class=\"galeria-lightbox-arrow prev\" type=\"button\" aria-label=\"Anterior\">&#8249;<\/button>\n            <button class=\"galeria-lightbox-arrow next\" type=\"button\" aria-label=\"Siguiente\">&#8250;<\/button>\n            \n            <div class=\"galeria-lightbox-image-container\">\n                <img decoding=\"async\" src=\"\/placeholder.svg\" alt=\"\" class=\"galeria-lightbox-image\">\n            <\/div>\n            \n            <div class=\"galeria-lightbox-info\">\n                <h3 class=\"galeria-lightbox-title\"><\/h3>\n                <p class=\"galeria-lightbox-description\"><\/p>\n            <\/div>\n        <\/div>\n    <\/div>\n<\/div>","protected":false},"excerpt":{"rendered":"","protected":false},"author":1,"featured_media":0,"parent":0,"menu_order":3,"comment_status":"closed","ping_status":"closed","template":"","meta":{"footnotes":""},"class_list":["post-15","page","type-page","status-publish","hentry"],"_links":{"self":[{"href":"https:\/\/doloresavendano.com.ar\/en\/wp-json\/wp\/v2\/pages\/15","targetHints":{"allow":["GET"]}}],"collection":[{"href":"https:\/\/doloresavendano.com.ar\/en\/wp-json\/wp\/v2\/pages"}],"about":[{"href":"https:\/\/doloresavendano.com.ar\/en\/wp-json\/wp\/v2\/types\/page"}],"author":[{"embeddable":true,"href":"https:\/\/doloresavendano.com.ar\/en\/wp-json\/wp\/v2\/users\/1"}],"replies":[{"embeddable":true,"href":"https:\/\/doloresavendano.com.ar\/en\/wp-json\/wp\/v2\/comments?post=15"}],"version-history":[{"count":5,"href":"https:\/\/doloresavendano.com.ar\/en\/wp-json\/wp\/v2\/pages\/15\/revisions"}],"predecessor-version":[{"id":57,"href":"https:\/\/doloresavendano.com.ar\/en\/wp-json\/wp\/v2\/pages\/15\/revisions\/57"}],"wp:attachment":[{"href":"https:\/\/doloresavendano.com.ar\/en\/wp-json\/wp\/v2\/media?parent=15"}],"curies":[{"name":"wp","href":"https:\/\/api.w.org\/{rel}","templated":true}]}}